{"id":3882,"date":"2020-08-04T10:33:30","date_gmt":"2020-08-04T10:33:30","guid":{"rendered":"http:\/\/www.mariani-it.com\/case-history\/"},"modified":"2025-01-16T11:04:14","modified_gmt":"2025-01-16T10:04:14","slug":"casi-studio","status":"publish","type":"page","link":"https:\/\/www.mariani-it.com\/it\/casi-studio\/","title":{"rendered":"Casi studio"},"content":{"rendered":"<p><div class=\"fusion-fullwidth fullwidth-box fusion-builder-row-1 hundred-percent-fullwidth non-hundred-percent-height-scrolling\" style=\"--awb-border-radius-top-left:0px;--awb-border-radius-top-right:0px;--awb-border-radius-bottom-right:0px;--awb-border-radius-bottom-left:0px;--awb-padding-top:0px;--awb-padding-right:0px;--awb-padding-bottom:0px;--awb-padding-left:0px;--awb-flex-wrap:wrap;\" ><div class=\"fusion-builder-row fusion-row\"><div class=\"fusion-layout-column fusion_builder_column fusion-builder-column-0 fusion_builder_column_1_1 1_1 fusion-one-full fusion-column-first fusion-column-last\" style=\"--awb-bg-position:center top;--awb-bg-size:cover;--awb-margin-top:0px;\"><div class=\"fusion-column-wrapper fusion-column-has-shadow fusion-flex-column-wrapper-legacy\"><div class=\"fusion-image-element in-legacy-container\" style=\"--awb-caption-title-font-family:var(--h2_typography-font-family);--awb-caption-title-font-weight:var(--h2_typography-font-weight);--awb-caption-title-font-style:var(--h2_typography-font-style);--awb-caption-title-size:var(--h2_typography-font-size);--awb-caption-title-transform:var(--h2_typography-text-transform);--awb-caption-title-line-height:var(--h2_typography-line-height);--awb-caption-title-letter-spacing:var(--h2_typography-letter-spacing);\"><span class=\" fusion-imageframe imageframe-none imageframe-1 hover-type-none\"><img decoding=\"async\" width=\"1920\" height=\"458\" alt=\"Casi studio banner - Mariani Srl\" title=\"Casi studio banner &#8211; Mariani Srl\" src=\"http:\/\/www.mariani-it.com\/wp-content\/uploads\/2020\/06\/case_history_banner_2.jpg\" class=\"img-responsive wp-image-3284\" srcset=\"https:\/\/www.mariani-it.com\/wp-content\/uploads\/2020\/06\/case_history_banner_2-200x48.jpg 200w, https:\/\/www.mariani-it.com\/wp-content\/uploads\/2020\/06\/case_history_banner_2-400x95.jpg 400w, https:\/\/www.mariani-it.com\/wp-content\/uploads\/2020\/06\/case_history_banner_2-600x143.jpg 600w, https:\/\/www.mariani-it.com\/wp-content\/uploads\/2020\/06\/case_history_banner_2-800x191.jpg 800w, https:\/\/www.mariani-it.com\/wp-content\/uploads\/2020\/06\/case_history_banner_2-1200x286.jpg 1200w, https:\/\/www.mariani-it.com\/wp-content\/uploads\/2020\/06\/case_history_banner_2.jpg 1920w\" sizes=\"(max-width: 800px) 100vw, 1920px\" \/><\/span><\/div><div class=\"fusion-clearfix\"><\/div><\/div><\/div><\/div><\/div><div class=\"fusion-fullwidth fullwidth-box fusion-builder-row-2 nonhundred-percent-fullwidth non-hundred-percent-height-scrolling\" style=\"--awb-border-radius-top-left:0px;--awb-border-radius-top-right:0px;--awb-border-radius-bottom-right:0px;--awb-border-radius-bottom-left:0px;--awb-flex-wrap:wrap;\" ><div class=\"fusion-builder-row fusion-row\"><div class=\"fusion-layout-column fusion_builder_column fusion-builder-column-1 fusion_builder_column_1_1 1_1 fusion-one-full fusion-column-first fusion-column-last\" style=\"--awb-bg-size:cover;\"><div class=\"fusion-column-wrapper fusion-column-has-shadow fusion-flex-column-wrapper-legacy\"><div class=\"fusion-title title fusion-title-1 fusion-sep-none fusion-title-text fusion-title-size-one\"><h1 class=\"fusion-title-heading title-heading-left\" style=\"margin:0;\"><h1 style=\"text-align: center;\">Casi studio<\/h1><\/h1><\/div><div class=\"fusion-clearfix\"><\/div><\/div><\/div><div class=\"fusion-layout-column fusion_builder_column fusion-builder-column-2 fusion_builder_column_1_6 1_6 fusion-one-sixth fusion-column-first\" style=\"--awb-bg-size:cover;width:16.666666666667%;width:calc(16.666666666667% - ( ( 4% + 4% ) * 0.16666666666667 ) );margin-right: 4%;\"><div class=\"fusion-column-wrapper fusion-column-has-shadow fusion-flex-column-wrapper-legacy\"><div class=\"fusion-clearfix\"><\/div><\/div><\/div><div class=\"fusion-layout-column fusion_builder_column fusion-builder-column-3 fusion_builder_column_2_3 2_3 fusion-two-third\" style=\"--awb-bg-size:cover;width:66.666666666667%;width:calc(66.666666666667% - ( ( 4% + 4% ) * 0.66666666666667 ) );margin-right: 4%;\"><div class=\"fusion-column-wrapper fusion-column-has-shadow fusion-flex-column-wrapper-legacy\"><div class=\"fusion-title title fusion-title-2 fusion-sep-none fusion-title-text fusion-title-size-one\"><h1 class=\"fusion-title-heading title-heading-left\" style=\"margin:0;\"><h3 style=\"text-align: center;\">Alta flessibilit\u00e0 e versatilit\u00e0<\/h3><\/h1><\/div><div class=\"fusion-title title fusion-title-3 fusion-sep-none fusion-title-text fusion-title-size-one\"><h1 class=\"fusion-title-heading title-heading-left\" style=\"margin:0;\"><h2 style=\"text-align: center;\">Automazione del processo di imballaggio<\/h2><\/h1><\/div><div class=\"fusion-text fusion-text-1\"><p style=\"text-align: center;\">L&#8217;azienda \u00e8 specializzata nella progettazione e costruzione di attrezzature per il confezionamento secondario di contenitori fragili con soluzioni di imballaggio in buste, fardelli avvolti in film termoretratto, multipack con maniglia e fardelli con inserto di cartone, vassoi o scatole chiuse; offriamo anche soluzioni che prevedono l&#8217;uso di cassette di plastica o .<\/p>\n<\/div><div class=\"fusion-clearfix\"><\/div><\/div><\/div><div class=\"fusion-layout-column fusion_builder_column fusion-builder-column-4 fusion_builder_column_1_6 1_6 fusion-one-sixth fusion-column-last\" style=\"--awb-bg-size:cover;width:16.666666666667%;width:calc(16.666666666667% - ( ( 4% + 4% ) * 0.16666666666667 ) );\"><div class=\"fusion-column-wrapper fusion-column-has-shadow fusion-flex-column-wrapper-legacy\"><div class=\"fusion-clearfix\"><\/div><\/div><\/div><div class=\"fusion-layout-column fusion_builder_column fusion-builder-column-5 fusion_builder_column_1_1 1_1 fusion-one-full fusion-column-first fusion-column-last\" style=\"--awb-bg-size:cover;\"><div class=\"fusion-column-wrapper fusion-column-has-shadow fusion-flex-column-wrapper-legacy\"><div class=\"fusion-menu-anchor\" id=\"almarai\"><\/div><div class=\"fusion-sep-clear\"><\/div><div class=\"fusion-separator fusion-full-width-sep\" style=\"margin-left: auto;margin-right: auto;margin-top:10px;margin-bottom:10px;width:100%;\"><div class=\"fusion-separator-border sep-single sep-solid\" style=\"--awb-height:20px;--awb-amount:20px;--awb-sep-color:#999999;border-color:#999999;border-top-width:1px;\"><\/div><\/div><div class=\"fusion-sep-clear\"><\/div><div class=\"fusion-title title fusion-title-4 fusion-sep-none fusion-title-text fusion-title-size-three\"><h3 class=\"fusion-title-heading title-heading-left\" style=\"margin:0;\"><h3><strong>Le apparecchiature installate hanno funzionato molto.<\/strong><\/h3><\/h3><\/div><div class=\"fusion-title title fusion-title-5 fusion-sep-none fusion-title-text fusion-title-size-two\"><h2 class=\"fusion-title-heading title-heading-left\" style=\"margin:0;\"><h2>La sfida di imballare e pallettizzare bottiglie in PET e HDPE ad alta velocit\u00e0.<\/h2><\/h2><\/div><div class=\"awb-gallery-wrapper awb-gallery-wrapper-1 button-span-no\"><div style=\"margin:-5px;--awb-bordersize:0px;\" class=\"fusion-gallery fusion-gallery-container fusion-grid-3 fusion-columns-total-3 fusion-gallery-layout-grid fusion-gallery-1\"><div style=\"padding:5px;\" class=\"fusion-grid-column fusion-gallery-column fusion-gallery-column-3 hover-type-none\"><div class=\"fusion-gallery-image\"><a href=\"https:\/\/www.mariani-it.com\/wp-content\/uploads\/2020\/06\/web2.jpg\" rel=\"noreferrer\" data-rel=\"iLightbox[gallery_image_1]\" class=\"fusion-lightbox\" target=\"_self\"><img decoding=\"async\" src=\"https:\/\/www.mariani-it.com\/wp-content\/uploads\/2020\/06\/web2-460x295.jpg\" width=\"460\" height=\"295\" alt=\"Sito cliente - Mariani Srl\" title=\"Sito cliente &#8211; Mariani Srl\" aria-label=\"Sito cliente &#8211; Mariani Srl\" class=\"img-responsive wp-image-3269 fusion-gallery-image-size-fixed\"  \/><\/a><\/div><\/div><div style=\"padding:5px;\" class=\"fusion-grid-column fusion-gallery-column fusion-gallery-column-3 hover-type-none\"><div class=\"fusion-gallery-image\"><a href=\"https:\/\/www.mariani-it.com\/wp-content\/uploads\/2020\/06\/web1.jpg\" rel=\"noreferrer\" data-rel=\"iLightbox[gallery_image_1]\" class=\"fusion-lightbox\" target=\"_self\"><img decoding=\"async\" src=\"https:\/\/www.mariani-it.com\/wp-content\/uploads\/2020\/06\/web1-460x295.jpg\" width=\"460\" height=\"295\" alt=\"Sito cliente - Mariani Srl\" title=\"Sito cliente &#8211; Mariani Srl\" aria-label=\"Sito cliente &#8211; Mariani Srl\" class=\"img-responsive wp-image-3282 fusion-gallery-image-size-fixed\"  \/><\/a><\/div><\/div><div style=\"padding:5px;\" class=\"fusion-grid-column fusion-gallery-column fusion-gallery-column-3 hover-type-none\"><div class=\"fusion-gallery-image\"><a href=\"https:\/\/www.mariani-it.com\/wp-content\/uploads\/2020\/06\/web3.jpg\" rel=\"noreferrer\" data-rel=\"iLightbox[gallery_image_1]\" class=\"fusion-lightbox\" target=\"_self\"><img decoding=\"async\" src=\"https:\/\/www.mariani-it.com\/wp-content\/uploads\/2020\/06\/web3-460x295.jpg\" width=\"460\" height=\"295\" alt=\"Sito cliente - Mariani Srl\" title=\"Sito cliente &#8211; Mariani Srl\" aria-label=\"Sito cliente &#8211; Mariani Srl\" class=\"img-responsive wp-image-3283 fusion-gallery-image-size-fixed\"  \/><\/a><\/div><\/div><div class=\"clearfix\"><\/div><\/div><\/div><div class=\"fusion-sep-clear\"><\/div><div class=\"fusion-separator fusion-full-width-sep\" style=\"margin-left: auto;margin-right: auto;margin-top:10px;width:100%;\"><\/div><div class=\"fusion-sep-clear\"><\/div><div class=\"fusion-text fusion-text-2 awb-text-cols fusion-text-columns-2\" style=\"--awb-columns:2;--awb-column-spacing:2em;--awb-column-min-width:100px;\"><p>Almarai \u00e8 la pi\u00f9 grande azienda lattiero-casearia integrata al mondo, con una reputazione di qualit\u00e0 eccezionale. Si impegna per una vita sana e per fornire solo i prodotti pi\u00f9 freschi, di alta qualit\u00e0 e deliziosi alle persone a cui tiene di pi\u00f9: i suoi clienti. Almarai Company ha sede a Riyadh, la capitale del Regno dell&#8217;Arabia Saudita. La sua rete si estende in tutto il Consiglio di cooperazione del Golfo, guidando e influenzando le industrie agricole, della lavorazione del latte e della distribuzione alimentare. Almarai inizi\u00f2 nel 1976 sotto la guida del Principe Sultan bin Mohammed bin Saud Al Kabeer, come rimane ancora oggi. Sua Altezza ha riconosciuto il potenziale di trasformare i metodi tradizionali di allevamento da latte per soddisfare le esigenze del mercato saudita in rapida espansione; e ci\u00f2 che \u00e8 iniziato con la lavorazione del latte fresco e del laban si \u00e8 presto esteso alle moderne caseifici e agli impianti di lavorazione all&#8217;avanguardia. Per ciascuna dell&#8217;ampia gamma di prodotti Almarai ha assegnato uno specifico tipo di imballaggio per la distribuzione a causa di fasci di cassette in plastica rimpicciolite e riutilizzabili, che sono state posizionate su pallet rapidamente, correttamente e con un ordine specifico in modo che il carico arrivi in \u200b\u200btempo e sia integrato il cliente Le tecnologie di automazione Mariani hanno aiutato l&#8217;azienda a massimizzare la gestione efficiente del packaging secondario e del traguardo di circa 30 linee tra lo stabilimento esistente e quello nuovo di Riyadh. \u201cNel corso degli anni MARIANI ha dimostrato di essere una fonte affidabile e un partner per i nostri requisiti di fine linea. Tutte le apparecchiature che hanno installato hanno funzionato molto e il backup che abbiamo ricevuto da loro \u00e8 sempre stato all&#8217;altezza delle nostre aspettative. Il sistema chiavi in \u200b\u200bmano recentemente fornito dallo scarico dei nostri riempitori di bottiglie alla movimentazione completa dei pallet nella cella frigorifera per la nostra nuova espansione \u00e8 stato un altro successo e aiuter\u00e0 la nostra azienda a mantenere la posizione di leader nella nostra regione &#8220;. Jhun Alfaro Project Manager, Almarai Company<\/p>\n<div id=\"product-footer\"><\/div>\n<\/div><div class=\"fusion-clearfix\"><\/div><\/div><\/div><\/div><\/div><div id=\"farmaceutica\" class=\"fusion-container-anchor\"><div class=\"fusion-fullwidth fullwidth-box fusion-builder-row-3 has-pattern-background has-mask-background nonhundred-percent-fullwidth non-hundred-percent-height-scrolling\" style=\"--awb-border-radius-top-left:0px;--awb-border-radius-top-right:0px;--awb-border-radius-bottom-right:0px;--awb-border-radius-bottom-left:0px;--awb-background-color:#f2f2f2;--awb-flex-wrap:wrap;\" ><div class=\"fusion-builder-row fusion-row\"><div class=\"fusion-layout-column fusion_builder_column fusion-builder-column-6 fusion_builder_column_1_1 1_1 fusion-one-full fusion-column-first fusion-column-last\" style=\"--awb-bg-size:cover;\"><div class=\"fusion-column-wrapper fusion-column-has-shadow fusion-flex-column-wrapper-legacy\"><div class=\"fusion-title title fusion-title-6 fusion-sep-none fusion-title-text fusion-title-size-one\"><h1 class=\"fusion-title-heading title-heading-left\" style=\"margin:0;\"><h2 style=\"text-align: center;\">Soluzioni per l&#8217;automazione dell&#8217;industria farmaceutica<\/h2><\/h1><\/div><div class=\"fusion-text fusion-text-3\"><p style=\"text-align: center;\"><strong>Movimentazione sicura dei prodotti con controlli incrociati.<\/strong> soluzione di &#8220;fine linea&#8221; in grado di gestire correttamente il prodotto nelle fasi successive, ovvero stoccaggio, etichettatura pallet, destorage, procedure di pre-accordo di spedizione, caricamento, registrazione di tutti i dati dell&#8217;ordine, trasporto ai grossisti e infine ai clienti . Mariani offre la sua vasta esperienza e conoscenza nella tecnologia di pallettizzazione per esaminare le vostre esigenze e suggerire la migliore soluzione di fine linea per l&#8217;industria farmaceutica La societ\u00e0 garantisce la massima flessibilit\u00e0 e affidabilit\u00e0 dell&#8217;intero processo di pallettizzazione per una vasta gamma di prodotti farmaceutici e cosmetici. I sistemi di pallettizzazione automatica possono essere perfettamente adattati e integrati al livello di automazione della logistica interna semiautomatica o completamente automatica.<\/p>\n<\/div><div class=\"fusion-clearfix\"><\/div><\/div><\/div><div class=\"fusion-layout-column fusion_builder_column fusion-builder-column-7 fusion_builder_column_1_1 1_1 fusion-one-full fusion-column-first fusion-column-last\" style=\"--awb-bg-size:cover;\"><div class=\"fusion-column-wrapper fusion-column-has-shadow fusion-flex-column-wrapper-legacy\"><div class=\"fusion-sep-clear\"><\/div><div class=\"fusion-separator fusion-full-width-sep\" style=\"margin-left: auto;margin-right: auto;margin-top:10px;margin-bottom:10px;width:100%;\"><div class=\"fusion-separator-border sep-single sep-solid\" style=\"--awb-height:20px;--awb-amount:20px;--awb-sep-color:#999999;border-color:#999999;border-top-width:1px;\"><\/div><\/div><div class=\"fusion-sep-clear\"><\/div><div class=\"fusion-title title fusion-title-7 fusion-sep-none fusion-title-text fusion-title-size-three\"><h3 class=\"fusion-title-heading title-heading-left\" style=\"margin:0;\"><h3 style=\"text-align: left;\"><strong>Un&#8217;acqua minerale di ottima &#8220;forma&#8221; che guarda al futuro<\/strong><\/h3><\/h3><\/div><div class=\"fusion-title title fusion-title-8 fusion-sep-none fusion-title-text fusion-title-size-two\"><h2 class=\"fusion-title-heading title-heading-left\" style=\"margin:0;\"><h2>Soluzione di fine linea per l&#8217;industria farmaceutica<\/h2><\/h2><\/div><div class=\"awb-gallery-wrapper awb-gallery-wrapper-2 button-span-no\"><div style=\"margin:-5px;--awb-bordersize:0px;\" class=\"fusion-gallery fusion-gallery-container fusion-grid-3 fusion-columns-total-3 fusion-gallery-layout-grid fusion-gallery-2\"><div style=\"padding:5px;\" class=\"fusion-grid-column fusion-gallery-column fusion-gallery-column-3 hover-type-none\"><div class=\"fusion-gallery-image\"><img decoding=\"async\" src=\"https:\/\/www.mariani-it.com\/wp-content\/uploads\/2020\/06\/Mariani-Sanofi-Compiegne-061.jpg\" width=\"690\" height=\"368\" alt=\"Nastri trasportatori - Mariani Srl\" title=\"Nastri trasportatori &#8211; Mariani Srl\" aria-label=\"Nastri trasportatori &#8211; Mariani Srl\" class=\"img-responsive wp-image-3271\" srcset=\"https:\/\/www.mariani-it.com\/wp-content\/uploads\/2020\/06\/Mariani-Sanofi-Compiegne-061-200x107.jpg 200w, https:\/\/www.mariani-it.com\/wp-content\/uploads\/2020\/06\/Mariani-Sanofi-Compiegne-061-400x213.jpg 400w, https:\/\/www.mariani-it.com\/wp-content\/uploads\/2020\/06\/Mariani-Sanofi-Compiegne-061-600x320.jpg 600w, https:\/\/www.mariani-it.com\/wp-content\/uploads\/2020\/06\/Mariani-Sanofi-Compiegne-061.jpg 690w\" sizes=\"(min-width: 2200px) 100vw, (min-width: 784px) 397px, (min-width: 712px) 595px, (min-width: 640px) 712px, \" \/><\/div><\/div><div style=\"padding:5px;\" class=\"fusion-grid-column fusion-gallery-column fusion-gallery-column-3 hover-type-none\"><div class=\"fusion-gallery-image\"><img decoding=\"async\" src=\"https:\/\/www.mariani-it.com\/wp-content\/uploads\/2020\/06\/palett-strato.jpg\" width=\"690\" height=\"371\" alt=\"PMT - Mariani Srl\" title=\"PMT &#8211; Mariani Srl\" aria-label=\"PMT &#8211; Mariani Srl\" class=\"img-responsive wp-image-3272\" srcset=\"https:\/\/www.mariani-it.com\/wp-content\/uploads\/2020\/06\/palett-strato-200x108.jpg 200w, https:\/\/www.mariani-it.com\/wp-content\/uploads\/2020\/06\/palett-strato-400x215.jpg 400w, https:\/\/www.mariani-it.com\/wp-content\/uploads\/2020\/06\/palett-strato-600x323.jpg 600w, https:\/\/www.mariani-it.com\/wp-content\/uploads\/2020\/06\/palett-strato.jpg 690w\" sizes=\"(min-width: 2200px) 100vw, (min-width: 784px) 397px, (min-width: 712px) 595px, (min-width: 640px) 712px, \" \/><\/div><\/div><div style=\"padding:5px;\" class=\"fusion-grid-column fusion-gallery-column fusion-gallery-column-3 hover-type-none\"><div class=\"fusion-gallery-image\"><img decoding=\"async\" src=\"https:\/\/www.mariani-it.com\/wp-content\/uploads\/2020\/06\/palettizzatore.jpg\" width=\"690\" height=\"371\" alt=\"Avvolgitore pallet - Mariani Srl\" title=\"Avvolgitore pallet &#8211; Mariani Srl\" aria-label=\"Avvolgitore pallet &#8211; Mariani Srl\" class=\"img-responsive wp-image-3273\" srcset=\"https:\/\/www.mariani-it.com\/wp-content\/uploads\/2020\/06\/palettizzatore-200x108.jpg 200w, https:\/\/www.mariani-it.com\/wp-content\/uploads\/2020\/06\/palettizzatore-400x215.jpg 400w, https:\/\/www.mariani-it.com\/wp-content\/uploads\/2020\/06\/palettizzatore-600x323.jpg 600w, https:\/\/www.mariani-it.com\/wp-content\/uploads\/2020\/06\/palettizzatore.jpg 690w\" sizes=\"(min-width: 2200px) 100vw, (min-width: 784px) 397px, (min-width: 712px) 595px, (min-width: 640px) 712px, \" \/><\/div><\/div><div class=\"clearfix\"><\/div><\/div><\/div><div class=\"fusion-sep-clear\"><\/div><div class=\"fusion-separator fusion-full-width-sep\" style=\"margin-left: auto;margin-right: auto;margin-top:10px;width:100%;\"><\/div><div class=\"fusion-sep-clear\"><\/div><div class=\"fusion-text fusion-text-4\"><p style=\"text-align: left;\">Negli ultimi cinque anni l&#8217;azienda ha compiuto sforzi particolari e prestato grande attenzione al mercato farmaceutico progettando e sviluppando macchine e sistemi di pallettizzazione personalizzati. L&#8217;ultima applicazione \u00e8 stata installata per un impianto francese di un noto marchio leader mondiale.<\/p>\n<\/div><div class=\"fusion-clearfix\"><\/div><\/div><\/div><\/div><\/div><\/div><\/p>\n","protected":false},"excerpt":{"rendered":"","protected":false},"author":6,"featured_media":0,"parent":0,"menu_order":0,"comment_status":"closed","ping_status":"closed","template":"100-width.php","meta":{"footnotes":""},"class_list":["post-3882","page","type-page","status-publish","hentry"],"yoast_head":"<!-- This site is optimized with the Yoast SEO plugin v27.3 - https:\/\/yoast.com\/product\/yoast-seo-wordpress\/ -->\n<title>Casi studio - Mariani S.p.A.<\/title>\n<meta name=\"robots\" content=\"index, follow, max-snippet:-1, max-image-preview:large, max-video-preview:-1\" \/>\n<link rel=\"canonical\" href=\"https:\/\/www.mariani-it.com\/it\/casi-studio\/\" \/>\n<meta property=\"og:locale\" content=\"it_IT\" \/>\n<meta property=\"og:type\" content=\"article\" \/>\n<meta property=\"og:title\" content=\"Casi studio - Mariani S.p.A.\" \/>\n<meta property=\"og:url\" content=\"https:\/\/www.mariani-it.com\/it\/casi-studio\/\" \/>\n<meta property=\"og:site_name\" content=\"Mariani S.p.A.\" \/>\n<meta property=\"article:publisher\" content=\"https:\/\/www.facebook.com\/Mariani-SRL-206347386067563\" \/>\n<meta property=\"article:modified_time\" content=\"2025-01-16T10:04:14+00:00\" \/>\n<meta name=\"twitter:card\" content=\"summary_large_image\" \/>\n<meta name=\"twitter:label1\" content=\"Tempo di lettura stimato\" \/>\n\t<meta name=\"twitter:data1\" content=\"5 minuti\" \/>\n<script type=\"application\/ld+json\" class=\"yoast-schema-graph\">{\"@context\":\"https:\\\/\\\/schema.org\",\"@graph\":[{\"@type\":\"WebPage\",\"@id\":\"https:\\\/\\\/www.mariani-it.com\\\/it\\\/casi-studio\\\/\",\"url\":\"https:\\\/\\\/www.mariani-it.com\\\/it\\\/casi-studio\\\/\",\"name\":\"Casi studio - Mariani S.p.A.\",\"isPartOf\":{\"@id\":\"https:\\\/\\\/www.mariani-it.com\\\/it\\\/#website\"},\"datePublished\":\"2020-08-04T10:33:30+00:00\",\"dateModified\":\"2025-01-16T10:04:14+00:00\",\"breadcrumb\":{\"@id\":\"https:\\\/\\\/www.mariani-it.com\\\/it\\\/casi-studio\\\/#breadcrumb\"},\"inLanguage\":\"it-IT\",\"potentialAction\":[{\"@type\":\"ReadAction\",\"target\":[\"https:\\\/\\\/www.mariani-it.com\\\/it\\\/casi-studio\\\/\"]}]},{\"@type\":\"BreadcrumbList\",\"@id\":\"https:\\\/\\\/www.mariani-it.com\\\/it\\\/casi-studio\\\/#breadcrumb\",\"itemListElement\":[{\"@type\":\"ListItem\",\"position\":1,\"name\":\"Home\",\"item\":\"https:\\\/\\\/www.mariani-it.com\\\/it\\\/\"},{\"@type\":\"ListItem\",\"position\":2,\"name\":\"Casi studio\"}]},{\"@type\":\"WebSite\",\"@id\":\"https:\\\/\\\/www.mariani-it.com\\\/it\\\/#website\",\"url\":\"https:\\\/\\\/www.mariani-it.com\\\/it\\\/\",\"name\":\"Mariani S.p.A\",\"description\":\"Secondary packaging since 1974\",\"publisher\":{\"@id\":\"https:\\\/\\\/www.mariani-it.com\\\/it\\\/#organization\"},\"alternateName\":\"Mariani S.p.A\",\"potentialAction\":[{\"@type\":\"SearchAction\",\"target\":{\"@type\":\"EntryPoint\",\"urlTemplate\":\"https:\\\/\\\/www.mariani-it.com\\\/it\\\/?s={search_term_string}\"},\"query-input\":{\"@type\":\"PropertyValueSpecification\",\"valueRequired\":true,\"valueName\":\"search_term_string\"}}],\"inLanguage\":\"it-IT\"},{\"@type\":\"Organization\",\"@id\":\"https:\\\/\\\/www.mariani-it.com\\\/it\\\/#organization\",\"name\":\"Mariani S.p.A\",\"alternateName\":\"Mariani S.p.A\",\"url\":\"https:\\\/\\\/www.mariani-it.com\\\/it\\\/\",\"logo\":{\"@type\":\"ImageObject\",\"inLanguage\":\"it-IT\",\"@id\":\"https:\\\/\\\/www.mariani-it.com\\\/it\\\/#\\\/schema\\\/logo\\\/image\\\/\",\"url\":\"https:\\\/\\\/www.mariani-it.com\\\/wp-content\\\/uploads\\\/2022\\\/11\\\/logo-mariani-blue-nopayoff_401px.png\",\"contentUrl\":\"https:\\\/\\\/www.mariani-it.com\\\/wp-content\\\/uploads\\\/2022\\\/11\\\/logo-mariani-blue-nopayoff_401px.png\",\"width\":401,\"height\":81,\"caption\":\"Mariani S.p.A\"},\"image\":{\"@id\":\"https:\\\/\\\/www.mariani-it.com\\\/it\\\/#\\\/schema\\\/logo\\\/image\\\/\"},\"sameAs\":[\"https:\\\/\\\/www.facebook.com\\\/Mariani-SRL-206347386067563\",\"https:\\\/\\\/www.instagram.com\\\/marianisrl\\\/\",\"https:\\\/\\\/www.linkedin.com\\\/company\\\/mariani-sas\\\/\",\"https:\\\/\\\/www.youtube.com\\\/channel\\\/UCC8fWQBQhp12pFAVLcRSLmA\"]}]}<\/script>\n<!-- \/ Yoast SEO plugin. -->","yoast_head_json":{"title":"Casi studio - Mariani S.p.A.","robots":{"index":"index","follow":"follow","max-snippet":"max-snippet:-1","max-image-preview":"max-image-preview:large","max-video-preview":"max-video-preview:-1"},"canonical":"https:\/\/www.mariani-it.com\/it\/casi-studio\/","og_locale":"it_IT","og_type":"article","og_title":"Casi studio - Mariani S.p.A.","og_url":"https:\/\/www.mariani-it.com\/it\/casi-studio\/","og_site_name":"Mariani S.p.A.","article_publisher":"https:\/\/www.facebook.com\/Mariani-SRL-206347386067563","article_modified_time":"2025-01-16T10:04:14+00:00","twitter_card":"summary_large_image","twitter_misc":{"Tempo di lettura stimato":"5 minuti"},"schema":{"@context":"https:\/\/schema.org","@graph":[{"@type":"WebPage","@id":"https:\/\/www.mariani-it.com\/it\/casi-studio\/","url":"https:\/\/www.mariani-it.com\/it\/casi-studio\/","name":"Casi studio - Mariani S.p.A.","isPartOf":{"@id":"https:\/\/www.mariani-it.com\/it\/#website"},"datePublished":"2020-08-04T10:33:30+00:00","dateModified":"2025-01-16T10:04:14+00:00","breadcrumb":{"@id":"https:\/\/www.mariani-it.com\/it\/casi-studio\/#breadcrumb"},"inLanguage":"it-IT","potentialAction":[{"@type":"ReadAction","target":["https:\/\/www.mariani-it.com\/it\/casi-studio\/"]}]},{"@type":"BreadcrumbList","@id":"https:\/\/www.mariani-it.com\/it\/casi-studio\/#breadcrumb","itemListElement":[{"@type":"ListItem","position":1,"name":"Home","item":"https:\/\/www.mariani-it.com\/it\/"},{"@type":"ListItem","position":2,"name":"Casi studio"}]},{"@type":"WebSite","@id":"https:\/\/www.mariani-it.com\/it\/#website","url":"https:\/\/www.mariani-it.com\/it\/","name":"Mariani S.p.A","description":"Secondary packaging since 1974","publisher":{"@id":"https:\/\/www.mariani-it.com\/it\/#organization"},"alternateName":"Mariani S.p.A","potentialAction":[{"@type":"SearchAction","target":{"@type":"EntryPoint","urlTemplate":"https:\/\/www.mariani-it.com\/it\/?s={search_term_string}"},"query-input":{"@type":"PropertyValueSpecification","valueRequired":true,"valueName":"search_term_string"}}],"inLanguage":"it-IT"},{"@type":"Organization","@id":"https:\/\/www.mariani-it.com\/it\/#organization","name":"Mariani S.p.A","alternateName":"Mariani S.p.A","url":"https:\/\/www.mariani-it.com\/it\/","logo":{"@type":"ImageObject","inLanguage":"it-IT","@id":"https:\/\/www.mariani-it.com\/it\/#\/schema\/logo\/image\/","url":"https:\/\/www.mariani-it.com\/wp-content\/uploads\/2022\/11\/logo-mariani-blue-nopayoff_401px.png","contentUrl":"https:\/\/www.mariani-it.com\/wp-content\/uploads\/2022\/11\/logo-mariani-blue-nopayoff_401px.png","width":401,"height":81,"caption":"Mariani S.p.A"},"image":{"@id":"https:\/\/www.mariani-it.com\/it\/#\/schema\/logo\/image\/"},"sameAs":["https:\/\/www.facebook.com\/Mariani-SRL-206347386067563","https:\/\/www.instagram.com\/marianisrl\/","https:\/\/www.linkedin.com\/company\/mariani-sas\/","https:\/\/www.youtube.com\/channel\/UCC8fWQBQhp12pFAVLcRSLmA"]}]}},"_links":{"self":[{"href":"https:\/\/www.mariani-it.com\/it\/wp-json\/wp\/v2\/pages\/3882","targetHints":{"allow":["GET"]}}],"collection":[{"href":"https:\/\/www.mariani-it.com\/it\/wp-json\/wp\/v2\/pages"}],"about":[{"href":"https:\/\/www.mariani-it.com\/it\/wp-json\/wp\/v2\/types\/page"}],"author":[{"embeddable":true,"href":"https:\/\/www.mariani-it.com\/it\/wp-json\/wp\/v2\/users\/6"}],"replies":[{"embeddable":true,"href":"https:\/\/www.mariani-it.com\/it\/wp-json\/wp\/v2\/comments?post=3882"}],"version-history":[{"count":0,"href":"https:\/\/www.mariani-it.com\/it\/wp-json\/wp\/v2\/pages\/3882\/revisions"}],"wp:attachment":[{"href":"https:\/\/www.mariani-it.com\/it\/wp-json\/wp\/v2\/media?parent=3882"}],"curies":[{"name":"wp","href":"https:\/\/api.w.org\/{rel}","templated":true}]}}